{"id":16498,"date":"2024-10-08T11:16:17","date_gmt":"2024-10-08T14:16:17","guid":{"rendered":"https:\/\/tiendacashinmediato.com.ar\/?post_type=product&#038;p=16498"},"modified":"2024-10-08T11:22:46","modified_gmt":"2024-10-08T14:22:46","slug":"juego-de-cubiertos-completo-para-12-personas-japones-101-piezas","status":"publish","type":"product","link":"https:\/\/tiendacashinmediato.com.ar\/index.php\/product\/juego-de-cubiertos-completo-para-12-personas-japones-101-piezas\/","title":{"rendered":"Juego de cubiertos completo para 12 personas japon\u00e9s &#8211; 101 piezas"},"content":{"rendered":"<p>Juego de cubiertos completo para 12 personas japon\u00e9s &#8211; 101 piezas<\/p>\n<p>impecable<br \/>\ncon el mango todo trabajado<br \/>\npiezas:<br \/>\n5 piezas de servir<br \/>\n12 cucharas principales<br \/>\n12 tenedores principales<br \/>\n12 cuchillos principales<br \/>\n12 cucharas para postre<br \/>\n12 tenedores para postre<br \/>\n12 cuchillos para postre<br \/>\n12 cucharas de t\u00e9<br \/>\n12 cucharas de caf\u00e9<\/p>\n<p>cualquier duda, hac\u00e9 tu consulta<\/p>\n","protected":false},"excerpt":{"rendered":"<p>Juego de cubiertos completo para 12 personas japon\u00e9s &#8211; 101 piezas impecable con el mango todo trabajado piezas: 5 piezas de servir 12 cucharas principales 12 tenedores principales 12 cuchillos principales 12 cucharas para postre 12 tenedores para postre 12 cuchillos para postre 12 cucharas de t\u00e9 12 cucharas de caf\u00e9 cualquier duda, hac\u00e9 tu [&hellip;]<\/p>\n","protected":false},"featured_media":16507,"comment_status":"open","ping_status":"closed","template":"","meta":{"ocean_post_layout":"","ocean_both_sidebars_style":"","ocean_both_sidebars_content_width":0,"ocean_both_sidebars_sidebars_width":0,"ocean_sidebar":"","ocean_second_sidebar":"","ocean_disable_margins":"enable","ocean_add_body_class":"","ocean_shortcode_before_top_bar":"","ocean_shortcode_after_top_bar":"","ocean_shortcode_before_header":"","ocean_shortcode_after_header":"","ocean_has_shortcode":"","ocean_shortcode_after_title":"","ocean_shortcode_before_footer_widgets":"","ocean_shortcode_after_footer_widgets":"","ocean_shortcode_before_footer_bottom":"","ocean_shortcode_after_footer_bottom":"","ocean_display_top_bar":"default","ocean_display_header":"default","ocean_header_style":"","ocean_center_header_left_menu":"","ocean_custom_header_template":"","ocean_custom_logo":0,"ocean_custom_retina_logo":0,"ocean_custom_logo_max_width":0,"ocean_custom_logo_tablet_max_width":0,"ocean_custom_logo_mobile_max_width":0,"ocean_custom_logo_max_height":0,"ocean_custom_logo_tablet_max_height":0,"ocean_custom_logo_mobile_max_height":0,"ocean_header_custom_menu":"","ocean_menu_typo_font_family":"","ocean_menu_typo_font_subset":"","ocean_menu_typo_font_size":0,"ocean_menu_typo_font_size_tablet":0,"ocean_menu_typo_font_size_mobile":0,"ocean_menu_typo_font_size_unit":"px","ocean_menu_typo_font_weight":"","ocean_menu_typo_font_weight_tablet":"","ocean_menu_typo_font_weight_mobile":"","ocean_menu_typo_transform":"","ocean_menu_typo_transform_tablet":"","ocean_menu_typo_transform_mobile":"","ocean_menu_typo_line_height":0,"ocean_menu_typo_line_height_tablet":0,"ocean_menu_typo_line_height_mobile":0,"ocean_menu_typo_line_height_unit":"","ocean_menu_typo_spacing":0,"ocean_menu_typo_spacing_tablet":0,"ocean_menu_typo_spacing_mobile":0,"ocean_menu_typo_spacing_unit":"","ocean_menu_link_color":"","ocean_menu_link_color_hover":"","ocean_menu_link_color_active":"","ocean_menu_link_background":"","ocean_menu_link_hover_background":"","ocean_menu_link_active_background":"","ocean_menu_social_links_bg":"","ocean_menu_social_hover_links_bg":"","ocean_menu_social_links_color":"","ocean_menu_social_hover_links_color":"","ocean_disable_title":"default","ocean_disable_heading":"default","ocean_post_title":"","ocean_post_subheading":"","ocean_post_title_style":"","ocean_post_title_background_color":"","ocean_post_title_background":0,"ocean_post_title_bg_image_position":"","ocean_post_title_bg_image_attachment":"","ocean_post_title_bg_image_repeat":"","ocean_post_title_bg_image_size":"","ocean_post_title_height":0,"ocean_post_title_bg_overlay":0.5,"ocean_post_title_bg_overlay_color":"","ocean_disable_breadcrumbs":"default","ocean_breadcrumbs_color":"","ocean_breadcrumbs_separator_color":"","ocean_breadcrumbs_links_color":"","ocean_breadcrumbs_links_hover_color":"","ocean_display_footer_widgets":"default","ocean_display_footer_bottom":"default","ocean_custom_footer_template":"","_joinchat":{"message_send":"Hola! me interesa un juego de cubiertos japon\u00e9s"}},"product_brand":[],"product_cat":[39],"product_tag":[],"class_list":{"0":"post-16498","1":"product","2":"type-product","3":"status-publish","4":"has-post-thumbnail","6":"product_cat-cubiertos","8":"entry","9":"has-media","11":"first","12":"instock","13":"sold-individually","14":"shipping-taxable","15":"purchasable","16":"product-type-simple","17":"has-product-nav","18":"col","19":"span_1_of_4","20":"owp-content-center","21":"owp-thumbs-layout-horizontal","22":"owp-btn-big","23":"owp-tabs-layout-horizontal"},"aioseo_notices":[],"jetpack_sharing_enabled":true,"_links":{"self":[{"href":"https:\/\/tiendacashinmediato.com.ar\/index.php\/wp-json\/wp\/v2\/product\/16498","targetHints":{"allow":["GET"]}}],"collection":[{"href":"https:\/\/tiendacashinmediato.com.ar\/index.php\/wp-json\/wp\/v2\/product"}],"about":[{"href":"https:\/\/tiendacashinmediato.com.ar\/index.php\/wp-json\/wp\/v2\/types\/product"}],"replies":[{"embeddable":true,"href":"https:\/\/tiendacashinmediato.com.ar\/index.php\/wp-json\/wp\/v2\/comments?post=16498"}],"wp:featuredmedia":[{"embeddable":true,"href":"https:\/\/tiendacashinmediato.com.ar\/index.php\/wp-json\/wp\/v2\/media\/16507"}],"wp:attachment":[{"href":"https:\/\/tiendacashinmediato.com.ar\/index.php\/wp-json\/wp\/v2\/media?parent=16498"}],"wp:term":[{"taxonomy":"product_brand","embeddable":true,"href":"https:\/\/tiendacashinmediato.com.ar\/index.php\/wp-json\/wp\/v2\/product_brand?post=16498"},{"taxonomy":"product_cat","embeddable":true,"href":"https:\/\/tiendacashinmediato.com.ar\/index.php\/wp-json\/wp\/v2\/product_cat?post=16498"},{"taxonomy":"product_tag","embeddable":true,"href":"https:\/\/tiendacashinmediato.com.ar\/index.php\/wp-json\/wp\/v2\/product_tag?post=16498"}],"curies":[{"name":"wp","href":"https:\/\/api.w.org\/{rel}","templated":true}]}}