{"id":8375,"date":"2024-05-14T17:26:59","date_gmt":"2024-05-14T20:26:59","guid":{"rendered":"https:\/\/tiendacashinmediato.com.ar\/?post_type=product&#038;p=8375"},"modified":"2025-03-11T16:22:54","modified_gmt":"2025-03-11T19:22:54","slug":"juego-de-cubiertos-sheffield-england-101-piezas","status":"publish","type":"product","link":"https:\/\/tiendacashinmediato.com.ar\/index.php\/product\/juego-de-cubiertos-sheffield-england-101-piezas\/","title":{"rendered":"Juego de cubiertos SHEFFIELD ENGLAND &#8211; 101 piezas"},"content":{"rendered":"<p>Juego de cubiertos SHEFFIELD ENGLAND &#8211; 101 piezas<\/p>\n<p>impecables<\/p>\n<p>12 tenedores principales<\/p>\n<p>12 cuchillos principales<\/p>\n<p>12 cucharas principales<\/p>\n<p>12 tenedores para postre<\/p>\n<p>12 cuchillos para postre<\/p>\n<p>12 cucharas para postre<\/p>\n<p>12 cucharas de caf\u00e9<\/p>\n<p>11 cucharas de t\u00e9<\/p>\n<p>5 piezas de servir<\/p>\n<p>1 pinza de hielo<\/p>\n<p>cualquier duda, hac\u00e9 tu consulta<\/p>\n","protected":false},"excerpt":{"rendered":"<p>Juego de cubiertos SHEFFIELD ENGLAND &#8211; 101 piezas impecables 12 tenedores principales 12 cuchillos principales 12 cucharas principales 12 tenedores para postre 12 cuchillos para postre 12 cucharas para postre 12 cucharas de caf\u00e9 11 cucharas de t\u00e9 5 piezas de servir 1 pinza de hielo cualquier duda, hac\u00e9 tu consulta<\/p>\n","protected":false},"featured_media":8381,"comment_status":"open","ping_status":"closed","template":"","meta":{"ocean_post_layout":"","ocean_both_sidebars_style":"","ocean_both_sidebars_content_width":0,"ocean_both_sidebars_sidebars_width":0,"ocean_sidebar":"","ocean_second_sidebar":"","ocean_disable_margins":"enable","ocean_add_body_class":"","ocean_shortcode_before_top_bar":"","ocean_shortcode_after_top_bar":"","ocean_shortcode_before_header":"","ocean_shortcode_after_header":"","ocean_has_shortcode":"","ocean_shortcode_after_title":"","ocean_shortcode_before_footer_widgets":"","ocean_shortcode_after_footer_widgets":"","ocean_shortcode_before_footer_bottom":"","ocean_shortcode_after_footer_bottom":"","ocean_display_top_bar":"default","ocean_display_header":"default","ocean_header_style":"","ocean_center_header_left_menu":"","ocean_custom_header_template":"","ocean_custom_logo":0,"ocean_custom_retina_logo":0,"ocean_custom_logo_max_width":0,"ocean_custom_logo_tablet_max_width":0,"ocean_custom_logo_mobile_max_width":0,"ocean_custom_logo_max_height":0,"ocean_custom_logo_tablet_max_height":0,"ocean_custom_logo_mobile_max_height":0,"ocean_header_custom_menu":"","ocean_menu_typo_font_family":"","ocean_menu_typo_font_subset":"","ocean_menu_typo_font_size":0,"ocean_menu_typo_font_size_tablet":0,"ocean_menu_typo_font_size_mobile":0,"ocean_menu_typo_font_size_unit":"px","ocean_menu_typo_font_weight":"","ocean_menu_typo_font_weight_tablet":"","ocean_menu_typo_font_weight_mobile":"","ocean_menu_typo_transform":"","ocean_menu_typo_transform_tablet":"","ocean_menu_typo_transform_mobile":"","ocean_menu_typo_line_height":0,"ocean_menu_typo_line_height_tablet":0,"ocean_menu_typo_line_height_mobile":0,"ocean_menu_typo_line_height_unit":"","ocean_menu_typo_spacing":0,"ocean_menu_typo_spacing_tablet":0,"ocean_menu_typo_spacing_mobile":0,"ocean_menu_typo_spacing_unit":"","ocean_menu_link_color":"","ocean_menu_link_color_hover":"","ocean_menu_link_color_active":"","ocean_menu_link_background":"","ocean_menu_link_hover_background":"","ocean_menu_link_active_background":"","ocean_menu_social_links_bg":"","ocean_menu_social_hover_links_bg":"","ocean_menu_social_links_color":"","ocean_menu_social_hover_links_color":"","ocean_disable_title":"default","ocean_disable_heading":"default","ocean_post_title":"","ocean_post_subheading":"","ocean_post_title_style":"","ocean_post_title_background_color":"","ocean_post_title_background":0,"ocean_post_title_bg_image_position":"","ocean_post_title_bg_image_attachment":"","ocean_post_title_bg_image_repeat":"","ocean_post_title_bg_image_size":"","ocean_post_title_height":0,"ocean_post_title_bg_overlay":0.5,"ocean_post_title_bg_overlay_color":"","ocean_disable_breadcrumbs":"default","ocean_breadcrumbs_color":"","ocean_breadcrumbs_separator_color":"","ocean_breadcrumbs_links_color":"","ocean_breadcrumbs_links_hover_color":"","ocean_display_footer_widgets":"default","ocean_display_footer_bottom":"default","ocean_custom_footer_template":"","_joinchat":{"message_send":"Hola! me interesa un juego de cubiertos ingleses"}},"product_brand":[],"product_cat":[39],"product_tag":[],"class_list":{"0":"post-8375","1":"product","2":"type-product","3":"status-publish","4":"has-post-thumbnail","6":"product_cat-cubiertos","8":"entry","9":"has-media","11":"first","12":"instock","13":"sold-individually","14":"shipping-taxable","15":"purchasable","16":"product-type-simple","17":"has-product-nav","18":"col","19":"span_1_of_4","20":"owp-content-center","21":"owp-thumbs-layout-horizontal","22":"owp-btn-big","23":"owp-tabs-layout-horizontal"},"aioseo_notices":[],"jetpack_sharing_enabled":true,"_links":{"self":[{"href":"https:\/\/tiendacashinmediato.com.ar\/index.php\/wp-json\/wp\/v2\/product\/8375","targetHints":{"allow":["GET"]}}],"collection":[{"href":"https:\/\/tiendacashinmediato.com.ar\/index.php\/wp-json\/wp\/v2\/product"}],"about":[{"href":"https:\/\/tiendacashinmediato.com.ar\/index.php\/wp-json\/wp\/v2\/types\/product"}],"replies":[{"embeddable":true,"href":"https:\/\/tiendacashinmediato.com.ar\/index.php\/wp-json\/wp\/v2\/comments?post=8375"}],"wp:featuredmedia":[{"embeddable":true,"href":"https:\/\/tiendacashinmediato.com.ar\/index.php\/wp-json\/wp\/v2\/media\/8381"}],"wp:attachment":[{"href":"https:\/\/tiendacashinmediato.com.ar\/index.php\/wp-json\/wp\/v2\/media?parent=8375"}],"wp:term":[{"taxonomy":"product_brand","embeddable":true,"href":"https:\/\/tiendacashinmediato.com.ar\/index.php\/wp-json\/wp\/v2\/product_brand?post=8375"},{"taxonomy":"product_cat","embeddable":true,"href":"https:\/\/tiendacashinmediato.com.ar\/index.php\/wp-json\/wp\/v2\/product_cat?post=8375"},{"taxonomy":"product_tag","embeddable":true,"href":"https:\/\/tiendacashinmediato.com.ar\/index.php\/wp-json\/wp\/v2\/product_tag?post=8375"}],"curies":[{"name":"wp","href":"https:\/\/api.w.org\/{rel}","templated":true}]}}